{"id":138,"date":"2023-01-23T14:14:47","date_gmt":"2023-01-23T13:14:47","guid":{"rendered":"http:\/\/www.brachttal-museum.de\/wp\/?page_id=138"},"modified":"2024-07-15T19:12:54","modified_gmt":"2024-07-15T17:12:54","slug":"oeffnungszeiten","status":"publish","type":"page","link":"https:\/\/www.brachttal-museum.de\/wp\/oeffnungszeiten\/","title":{"rendered":"\u00d6ffnungszeiten"},"content":{"rendered":"\n<p>Ge\u00f6ffnet an jedem ersten Sonntag im Monat von 14 bis 17 Uhr.<\/p>\n\n\n\n<p><strong>Ausnahme: Winterpause<\/strong><\/p>\n\n\n\n<p>Die Winterpause findet wie immer von Januar bis M\u00e4rz statt, d. h. der erste \u00d6ffnungstag ist der erste Sonntag im April. Bitte beachten Sie auch unsere Pressever\u00f6ffentlichungen und aktuelle Nachrichten bei Facebook.<\/p>\n\n\n\n<p>Individuelle F\u00fchrungen f\u00fcr Gruppen sind nach Absprache m\u00f6glich. Schreiben Sie uns einfach eine E-Mail oder rufen Sie uns an: 06053 600067 (Erich Neidhardt) oder 0178 828 1945 (Uli Berting). <\/p>\n","protected":false},"excerpt":{"rendered":"<p>Ge\u00f6ffnet an jedem ersten Sonntag im Monat von 14 bis 17 Uhr. Ausnahme: Winterpause Die Winterpause findet wie immer von Januar bis M\u00e4rz statt, d. h. der erste \u00d6ffnungstag ist der erste Sonntag im April. Bitte beachten Sie auch unsere Pressever\u00f6ffentlichungen und aktuelle Nachrichten bei Facebook. Individuelle F\u00fchrungen f\u00fcr Gruppen sind nach Absprache m\u00f6glich. Schreiben Sie uns einfach eine E-Mail oder rufen Sie uns an: 06053 600067 (Erich Neidhardt) oder 0178 828 1945 (Uli Berting).<\/p>\n","protected":false},"author":1,"featured_media":0,"parent":0,"menu_order":0,"comment_status":"closed","ping_status":"closed","template":"","meta":{"footnotes":""},"class_list":["post-138","page","type-page","status-publish","hentry"],"_links":{"self":[{"href":"https:\/\/www.brachttal-museum.de\/wp\/wp-json\/wp\/v2\/pages\/138","targetHints":{"allow":["GET"]}}],"collection":[{"href":"https:\/\/www.brachttal-museum.de\/wp\/wp-json\/wp\/v2\/pages"}],"about":[{"href":"https:\/\/www.brachttal-museum.de\/wp\/wp-json\/wp\/v2\/types\/page"}],"author":[{"embeddable":true,"href":"https:\/\/www.brachttal-museum.de\/wp\/wp-json\/wp\/v2\/users\/1"}],"replies":[{"embeddable":true,"href":"https:\/\/www.brachttal-museum.de\/wp\/wp-json\/wp\/v2\/comments?post=138"}],"version-history":[{"count":11,"href":"https:\/\/www.brachttal-museum.de\/wp\/wp-json\/wp\/v2\/pages\/138\/revisions"}],"predecessor-version":[{"id":405,"href":"https:\/\/www.brachttal-museum.de\/wp\/wp-json\/wp\/v2\/pages\/138\/revisions\/405"}],"wp:attachment":[{"href":"https:\/\/www.brachttal-museum.de\/wp\/wp-json\/wp\/v2\/media?parent=138"}],"curies":[{"name":"wp","href":"https:\/\/api.w.org\/{rel}","templated":true}]}}