{"id":165,"date":"2023-01-23T15:26:52","date_gmt":"2023-01-23T14:26:52","guid":{"rendered":"http:\/\/www.brachttal-museum.de\/wp\/?page_id=165"},"modified":"2025-02-10T11:48:11","modified_gmt":"2025-02-10T10:48:11","slug":"spenden","status":"publish","type":"page","link":"https:\/\/www.brachttal-museum.de\/wp\/spenden\/","title":{"rendered":"Spenden"},"content":{"rendered":"\n<p>Wir sind ein sehr kleiner gemeinn\u00fctziger Verein (e.V.) und daher auf Ihre Spenden angewiesen. Falls Sie f\u00fcr einen bestimmten Zweck spenden m\u00f6chten, geben Sie dies bitte im Betreff Ihrer \u00dcberweisung mit an. Sollten Sie eine Spendenquittung ben\u00f6tigen, nehmen Sie bitte Kontakt mit dem Vorstand <em>(siehe Impressum)<\/em> auf.<\/p>\n\n\n\n<p><strong>Spendenkonto<\/strong><\/p>\n\n\n\n<p>IBAN: DE14 5075 0094 0005 0179 71<br>BIC: HELADEF1GEL<br>Kreissparkasse Gelnhausen<\/p>\n\n\n\n<p>Wenn Sie unser Projekt &#8222;Schulchronik&#8220; unterst\u00fctzen m\u00f6chten,\u00a0 k\u00f6nnen Sie gerne den nachstehenden Link zur Spendenplattform der VR Bank nutzen:<\/p>\n\n\n\n<p><a href=\"https:\/\/www.partnerderregion.de\/project\/die-schlierbacher-schulchronik-als-buch-auflegen\">https:\/\/www.partnerderregion.de\/project\/die-schlierbacher-schulchronik-als-buch-auflegen<\/a><\/p>\n\n\n\n<p><strong>Vielen Dank f\u00fcr Ihre Unterst\u00fctzung. Wir freuen uns auf Ihren Besuch bei uns im Brachttal-Museum.<\/strong><\/p>\n\n\n\n<p><\/p>\n\n\n\n<p><\/p>\n\n\n\n<p><\/p>\n\n\n\n<p><\/p>\n\n\n\n<p><\/p>\n\n\n\n<p><\/p>\n\n\n\n<p><\/p>\n","protected":false},"excerpt":{"rendered":"<p>Wir sind ein sehr kleiner gemeinn\u00fctziger Verein (e.V.) und daher auf Ihre Spenden angewiesen. Falls Sie f\u00fcr einen bestimmten Zweck spenden m\u00f6chten, geben Sie dies bitte im Betreff Ihrer \u00dcberweisung mit an. Sollten Sie eine Spendenquittung ben\u00f6tigen, nehmen Sie bitte Kontakt mit dem Vorstand (siehe Impressum) auf. Spendenkonto IBAN: DE14 5075 0094 0005 0179 71BIC: HELADEF1GELKreissparkasse Gelnhausen Wenn Sie unser Projekt &#8222;Schulchronik&#8220; unterst\u00fctzen m\u00f6chten,\u00a0 k\u00f6nnen Sie gerne den nachstehenden Link zur Spendenplattform der VR Bank nutzen: https:\/\/www.partnerderregion.de\/project\/die-schlierbacher-schulchronik-als-buch-auflegen Vielen Dank f\u00fcr Ihre Unterst\u00fctzung. Wir freuen uns auf Ihren Besuch bei uns im Brachttal-Museum.<\/p>\n","protected":false},"author":1,"featured_media":0,"parent":0,"menu_order":0,"comment_status":"closed","ping_status":"closed","template":"","meta":{"footnotes":""},"class_list":["post-165","page","type-page","status-publish","hentry"],"_links":{"self":[{"href":"https:\/\/www.brachttal-museum.de\/wp\/wp-json\/wp\/v2\/pages\/165","targetHints":{"allow":["GET"]}}],"collection":[{"href":"https:\/\/www.brachttal-museum.de\/wp\/wp-json\/wp\/v2\/pages"}],"about":[{"href":"https:\/\/www.brachttal-museum.de\/wp\/wp-json\/wp\/v2\/types\/page"}],"author":[{"embeddable":true,"href":"https:\/\/www.brachttal-museum.de\/wp\/wp-json\/wp\/v2\/users\/1"}],"replies":[{"embeddable":true,"href":"https:\/\/www.brachttal-museum.de\/wp\/wp-json\/wp\/v2\/comments?post=165"}],"version-history":[{"count":11,"href":"https:\/\/www.brachttal-museum.de\/wp\/wp-json\/wp\/v2\/pages\/165\/revisions"}],"predecessor-version":[{"id":627,"href":"https:\/\/www.brachttal-museum.de\/wp\/wp-json\/wp\/v2\/pages\/165\/revisions\/627"}],"wp:attachment":[{"href":"https:\/\/www.brachttal-museum.de\/wp\/wp-json\/wp\/v2\/media?parent=165"}],"curies":[{"name":"wp","href":"https:\/\/api.w.org\/{rel}","templated":true}]}}