{"id":46,"date":"2023-01-21T18:16:50","date_gmt":"2023-01-21T17:16:50","guid":{"rendered":"http:\/\/www.brachttal-museum.de\/wp\/?page_id=46"},"modified":"2023-08-09T14:19:28","modified_gmt":"2023-08-09T12:19:28","slug":"waechtersbacher-steingut-die-zwanziger-jahre","status":"publish","type":"page","link":"https:\/\/www.brachttal-museum.de\/wp\/waechtersbacher-steingut-die-zwanziger-jahre\/","title":{"rendered":"Die Zwanziger Jahre"},"content":{"rendered":"\n<figure class=\"wp-block-image size-full is-resized is-style-default\"><img loading=\"lazy\" decoding=\"async\" src=\"http:\/\/www.brachttal-museum.de\/wp\/wp-content\/uploads\/2023\/01\/9783000363214-cover-l.jpg\" alt=\"W\u00e4chtersbacher Steingut - DIe Zwanziger Jahre\" class=\"wp-image-59\" style=\"width:449px;height:449px\" width=\"449\" height=\"449\" srcset=\"https:\/\/www.brachttal-museum.de\/wp\/wp-content\/uploads\/2023\/01\/9783000363214-cover-l.jpg 599w, https:\/\/www.brachttal-museum.de\/wp\/wp-content\/uploads\/2023\/01\/9783000363214-cover-l-300x300.jpg 300w, https:\/\/www.brachttal-museum.de\/wp\/wp-content\/uploads\/2023\/01\/9783000363214-cover-l-150x150.jpg 150w, https:\/\/www.brachttal-museum.de\/wp\/wp-content\/uploads\/2023\/01\/9783000363214-cover-l-120x120.jpg 120w\" sizes=\"auto, (max-width: 449px) 100vw, 449px\" \/><\/figure>\n\n\n\n<h2 class=\"wp-block-heading\">W\u00c4CHTERSBACHER STEINGUT<br>DIE ZWANZIGER JAHRE<\/h2>\n\n\n\n<p class=\"has-larger-font-size\">Katalog zur Ausstellung im Brachttal-Museum Spielberg<\/p>\n\n\n\n<p class=\"has-text-align-left\">ISBN 978-3-00-036321-4<\/p>\n\n\n\n<p><strong>34,90 EUR<\/strong><br><strong>Leider derzeit ausverkauft! (Stand: August 2023<\/strong>)<\/p>\n\n\n\n<p>Hardcover<br>Produktsprache: Deutsch<br>Anzahl Seiten: 184<\/p>\n\n\n\n<p>H\u00f6he \/ Breite \/ Gewicht<br>H 21 cm \/ B 21 cm \/ 715 g<\/p>\n\n\n\n<p>Der Museums- und Geschichtsverein Brachttal pr\u00e4sentiert etwa 300 Exponate<br>der W\u00e4chtersbacher Steingutfabrik, die den Zeitgeist und die Mode der<br>\u00bbGoldenen Zwanziger Jahre\u00ab spiegeln. Kleinode aus den Schatzkammern von<br>etwa 30 \u00f6ffentlichen und privaten Sammlungen zeichnen ein farbenpr\u00e4chtiges<br>Bild einer \u00c4ra, die von vielen H\u00f6hen und Tiefen gepr\u00e4gt war.<br>Die Ausstellung zeigt auch den \u00dcbergang vom Jugendstil zum Art D\u00e9co<br>und dokumentiert exemplarisch die sp\u00e4ten Arbeiten des Kunstkeramischen<br>Ateliers W\u00e4chtersbach (KAW) Christian Neureuther, sowie viele Entw\u00fcrfe<br>und Ausf\u00fchrungen der Kunstabteilung Eduard Schweitzer, die in dieser<br>Form bisher noch nie der \u00d6ffentlichkeit zug\u00e4nglich gemacht wurden.<br>Die von der W\u00e4chtersbacher Steingutfabrik ausgegebenen Zahlungsmittel<br>sowie Informationen \u00fcber die Entstehung des Craquel\u00e9 und der L\u00fcsterglasuren<br>runden das Gesamtbild dieses Kataloges ab.<\/p>\n\n\n\n<p><\/p>\n\n\n\n<figure class=\"wp-block-image size-full\"><img loading=\"lazy\" decoding=\"async\" width=\"500\" height=\"460\" src=\"http:\/\/www.brachttal-museum.de\/wp\/wp-content\/uploads\/2023\/03\/BT.jpg\" alt=\"\" class=\"wp-image-319\" srcset=\"https:\/\/www.brachttal-museum.de\/wp\/wp-content\/uploads\/2023\/03\/BT.jpg 500w, https:\/\/www.brachttal-museum.de\/wp\/wp-content\/uploads\/2023\/03\/BT-300x276.jpg 300w\" sizes=\"auto, (max-width: 500px) 100vw, 500px\" \/><\/figure>\n","protected":false},"excerpt":{"rendered":"<p>W\u00c4CHTERSBACHER STEINGUTDIE ZWANZIGER JAHRE Katalog zur Ausstellung im Brachttal-Museum Spielberg ISBN 978-3-00-036321-4 34,90 EURLeider derzeit ausverkauft! (Stand: August 2023) HardcoverProduktsprache: DeutschAnzahl Seiten: 184 H\u00f6he \/ Breite \/ GewichtH 21 cm \/ B 21 cm \/ 715 g Der Museums- und Geschichtsverein Brachttal pr\u00e4sentiert etwa 300 Exponateder W\u00e4chtersbacher Steingutfabrik, die den Zeitgeist und die Mode der\u00bbGoldenen Zwanziger Jahre\u00ab spiegeln. Kleinode aus den Schatzkammern vonetwa 30 \u00f6ffentlichen und privaten Sammlungen zeichnen ein farbenpr\u00e4chtigesBild einer \u00c4ra, die von vielen H\u00f6hen und Tiefen gepr\u00e4gt war.Die Ausstellung zeigt auch den \u00dcbergang vom Jugendstil zum Art D\u00e9cound dokumentiert exemplarisch die sp\u00e4ten Arbeiten des KunstkeramischenAteliers W\u00e4chtersbach (KAW) Christian Neureuther, sowie viele Entw\u00fcrfeund Ausf\u00fchrungen der Kunstabteilung Eduard Schweitzer, die in dieserForm bisher noch nie der \u00d6ffentlichkeit zug\u00e4nglich gemacht wurden.Die von der W\u00e4chtersbacher Steingutfabrik ausgegebenen Zahlungsmittelsowie Informationen \u00fcber die Entstehung des Craquel\u00e9 und der L\u00fcsterglasurenrunden das Gesamtbild dieses Kataloges ab.<\/p>\n","protected":false},"author":1,"featured_media":59,"parent":0,"menu_order":0,"comment_status":"closed","ping_status":"closed","template":"","meta":{"footnotes":""},"class_list":["post-46","page","type-page","status-publish","has-post-thumbnail","hentry"],"_links":{"self":[{"href":"https:\/\/www.brachttal-museum.de\/wp\/wp-json\/wp\/v2\/pages\/46","targetHints":{"allow":["GET"]}}],"collection":[{"href":"https:\/\/www.brachttal-museum.de\/wp\/wp-json\/wp\/v2\/pages"}],"about":[{"href":"https:\/\/www.brachttal-museum.de\/wp\/wp-json\/wp\/v2\/types\/page"}],"author":[{"embeddable":true,"href":"https:\/\/www.brachttal-museum.de\/wp\/wp-json\/wp\/v2\/users\/1"}],"replies":[{"embeddable":true,"href":"https:\/\/www.brachttal-museum.de\/wp\/wp-json\/wp\/v2\/comments?post=46"}],"version-history":[{"count":13,"href":"https:\/\/www.brachttal-museum.de\/wp\/wp-json\/wp\/v2\/pages\/46\/revisions"}],"predecessor-version":[{"id":382,"href":"https:\/\/www.brachttal-museum.de\/wp\/wp-json\/wp\/v2\/pages\/46\/revisions\/382"}],"wp:featuredmedia":[{"embeddable":true,"href":"https:\/\/www.brachttal-museum.de\/wp\/wp-json\/wp\/v2\/media\/59"}],"wp:attachment":[{"href":"https:\/\/www.brachttal-museum.de\/wp\/wp-json\/wp\/v2\/media?parent=46"}],"curies":[{"name":"wp","href":"https:\/\/api.w.org\/{rel}","templated":true}]}}